{"id":51,"date":"2025-03-17T10:26:28","date_gmt":"2025-03-17T10:26:28","guid":{"rendered":"https:\/\/fabio-chamard.rdo-v70208.dev-campus.fr\/?page_id=51"},"modified":"2025-06-27T09:53:38","modified_gmt":"2025-06-27T09:53:38","slug":"apiintranet","status":"publish","type":"page","link":"https:\/\/portfolio2.fchamard.dev-campus.fr\/?page_id=51","title":{"rendered":"API Intranet"},"content":{"rendered":"<p>[et_pb_section fb_built=\u00a0\u00bb1&Prime; _builder_version=\u00a0\u00bb4.27.4&Prime; _module_preset=\u00a0\u00bbdefault\u00a0\u00bb background_color=\u00a0\u00bb#0f0000&Prime; global_colors_info=\u00a0\u00bb{}\u00a0\u00bb][et_pb_row _builder_version=\u00a0\u00bb4.27.4&Prime; _module_preset=\u00a0\u00bbdefault\u00a0\u00bb width=\u00a0\u00bb100%\u00a0\u00bb max_width=\u00a0\u00bb2560px\u00a0\u00bb hover_enabled=\u00a0\u00bb0&Prime; global_colors_info=\u00a0\u00bb{}\u00a0\u00bb background_color=\u00a0\u00bbRGBA(255,255,255,0)\u00a0\u00bb sticky_enabled=\u00a0\u00bb0&Prime;][et_pb_column type=\u00a0\u00bb4_4&Prime; _builder_version=\u00a0\u00bb4.27.4&Prime; _module_preset=\u00a0\u00bbdefault\u00a0\u00bb global_colors_info=\u00a0\u00bb{}\u00a0\u00bb][et_pb_slider _builder_version=\u00a0\u00bb4.27.4&Prime; _module_preset=\u00a0\u00bbdefault\u00a0\u00bb background_enable_image=\u00a0\u00bboff\u00a0\u00bb hover_enabled=\u00a0\u00bb0&Prime; global_colors_info=\u00a0\u00bb{}\u00a0\u00bb background_color=\u00a0\u00bbRGBA(255,255,255,0)\u00a0\u00bb sticky_enabled=\u00a0\u00bb0&Prime; height=\u00a0\u00bb607px\u00a0\u00bb][et_pb_slide heading=\u00a0\u00bbAPI Intranet\u00a0\u00bb button_text=\u00a0\u00bbVoir l&rsquo;api ici\u00a0\u00bb button_link=\u00a0\u00bbhttps:\/\/sp-vendeur.fchamard.dev-campus.fr\/\u00a0\u00bb url_new_window=\u00a0\u00bbon\u00a0\u00bb _builder_version=\u00a0\u00bb4.27.4&Prime; _module_preset=\u00a0\u00bbdefault\u00a0\u00bb header_font=\u00a0\u00bb||||||||\u00a0\u00bb background_enable_color=\u00a0\u00bboff\u00a0\u00bb custom_button=\u00a0\u00bbon\u00a0\u00bb button_text_color=\u00a0\u00bb#E02B20&Prime; button_border_color=\u00a0\u00bb#FFFFFF\u00a0\u00bb button_use_icon=\u00a0\u00bbon\u00a0\u00bb button_icon=\u00a0\u00bb&#x55;||divi||400&Prime; global_colors_info=\u00a0\u00bb{}\u00a0\u00bb sticky_transition=\u00a0\u00bbon\u00a0\u00bb]<\/p>\n<p>Cette Api coder en PHP ainsi que Javascript donne acc\u00e9s \u00e0 la base de donn\u00e9es des clients de S\u00e9raphin Parys et donnes diff\u00e9rents stats int\u00e9ressants pour les vendeurs<\/p>\n<p>[\/et_pb_slide][\/et_pb_slider][\/et_pb_column][\/et_pb_row][et_pb_row _builder_version=\u00a0\u00bb4.27.4&Prime; _module_preset=\u00a0\u00bbdefault\u00a0\u00bb hover_enabled=\u00a0\u00bb0&Prime; global_colors_info=\u00a0\u00bb{}\u00a0\u00bb sticky_enabled=\u00a0\u00bb0&Prime;][et_pb_column type=\u00a0\u00bb4_4&Prime; _builder_version=\u00a0\u00bb4.27.4&Prime; _module_preset=\u00a0\u00bbdefault\u00a0\u00bb hover_enabled=\u00a0\u00bb0&Prime; global_colors_info=\u00a0\u00bb{}\u00a0\u00bb title_text=\u00a0\u00bbsp-vendeur\u00a0\u00bb background_image=\u00a0\u00bbhttps:\/\/portfolio2.fchamard.dev-campus.fr\/wp-content\/uploads\/2025\/06\/sp-vendeur.png\u00a0\u00bb sticky_enabled=\u00a0\u00bb0&Prime;][et_pb_image src=\u00a0\u00bbhttps:\/\/portfolio2.fchamard.dev-campus.fr\/wp-content\/uploads\/2025\/06\/sp-vendeur.png\u00a0\u00bb _builder_version=\u00a0\u00bb4.27.4&Prime; _module_preset=\u00a0\u00bbdefault\u00a0\u00bb title_text=\u00a0\u00bbsp-vendeur\u00a0\u00bb hover_enabled=\u00a0\u00bb0&Prime; sticky_enabled=\u00a0\u00bb0&Prime;][\/et_pb_image][\/et_pb_column][\/et_pb_row][\/et_pb_section]<\/p>\n","protected":false},"excerpt":{"rendered":"<p>Cette Api coder en PHP ainsi que Javascript donne acc\u00e9s \u00e0 la base de donn\u00e9es des clients de S\u00e9raphin Parys et donnes diff\u00e9rents stats int\u00e9ressants pour les vendeurs<\/p>\n","protected":false},"author":1,"featured_media":0,"parent":0,"menu_order":0,"comment_status":"closed","ping_status":"closed","template":"","meta":{"_et_pb_use_builder":"on","_et_pb_old_content":"","_et_gb_content_width":"","footnotes":""},"class_list":["post-51","page","type-page","status-publish","hentry"],"_links":{"self":[{"href":"https:\/\/portfolio2.fchamard.dev-campus.fr\/index.php?rest_route=\/wp\/v2\/pages\/51","targetHints":{"allow":["GET"]}}],"collection":[{"href":"https:\/\/portfolio2.fchamard.dev-campus.fr\/index.php?rest_route=\/wp\/v2\/pages"}],"about":[{"href":"https:\/\/portfolio2.fchamard.dev-campus.fr\/index.php?rest_route=\/wp\/v2\/types\/page"}],"author":[{"embeddable":true,"href":"https:\/\/portfolio2.fchamard.dev-campus.fr\/index.php?rest_route=\/wp\/v2\/users\/1"}],"replies":[{"embeddable":true,"href":"https:\/\/portfolio2.fchamard.dev-campus.fr\/index.php?rest_route=%2Fwp%2Fv2%2Fcomments&post=51"}],"version-history":[{"count":7,"href":"https:\/\/portfolio2.fchamard.dev-campus.fr\/index.php?rest_route=\/wp\/v2\/pages\/51\/revisions"}],"predecessor-version":[{"id":123,"href":"https:\/\/portfolio2.fchamard.dev-campus.fr\/index.php?rest_route=\/wp\/v2\/pages\/51\/revisions\/123"}],"wp:attachment":[{"href":"https:\/\/portfolio2.fchamard.dev-campus.fr\/index.php?rest_route=%2Fwp%2Fv2%2Fmedia&parent=51"}],"curies":[{"name":"wp","href":"https:\/\/api.w.org\/{rel}","templated":true}]}}